{"id":21037,"date":"2025-11-17T08:55:57","date_gmt":"2025-11-17T12:55:57","guid":{"rendered":"https:\/\/www.instituteveintechnology.com\/nosotros\/campus-map\/"},"modified":"2026-03-20T15:16:03","modified_gmt":"2026-03-20T19:16:03","slug":"mapa-del-campus","status":"publish","type":"page","link":"https:\/\/www.instituteveintechnology.com\/es\/nosotros\/mapa-del-campus\/","title":{"rendered":"Mapa del Campus"},"content":{"rendered":"\t\t<div data-elementor-type=\"wp-page\" data-elementor-id=\"21037\" class=\"elementor elementor-21037\">\n\t\t\t\t<div data-aos-once=\"true\" class=\"elementor-element elementor-element-96c8697 e-flex e-con-boxed e-con e-parent\" data-id=\"96c8697\" data-element_type=\"container\" data-e-type=\"container\" data-settings=\"{&quot;background_background&quot;:&quot;classic&quot;}\">\n\t\t\t\t\t<div class=\"e-con-inner\">\n\t\t\t\t<div data-aos-once=\"true\" class=\"elementor-element elementor-element-3c4536e elementor-widget__width-initial elementor-widget-laptop__width-initial elementor-widget-tablet__width-inherit elementor-widget elementor-widget-rstb-page-title\" data-id=\"3c4536e\" data-element_type=\"widget\" data-e-type=\"widget\" data-widget_type=\"rstb-page-title.default\">\n\t\t\t\t\t<h1 class=\"rstb-page-title\"><\/h1>\t\t\t\t<\/div>\n\t\t\t\t<div data-aos-once=\"true\" class=\"elementor-element elementor-element-541de7f elementor-widget elementor-widget-rs-divider\" data-id=\"541de7f\" data-element_type=\"widget\" data-e-type=\"widget\" data-widget_type=\"rs-divider.default\">\n\t\t\t\t\t        <div class=\"rs-divider dot-enable\">\r\n            <span> <\/span>\r\n\t\t\t        <\/div>\r\n\t\t\t\t\t\t<\/div>\n\t\t\t\t<div data-aos-once=\"true\" class=\"elementor-element elementor-element-7a37782 elementor-widget__width-initial elementor-widget elementor-widget-text-editor\" data-id=\"7a37782\" data-element_type=\"widget\" data-e-type=\"widget\" data-widget_type=\"text-editor.default\">\n\t\t\t\t\t\t\t\t\tLa educaci\u00f3n va m\u00e1s all\u00e1 de los libros y las aulas. Creemos en impulsar a los estudiantes a explorar sus pasiones y desafiar los enfoques tradicionales.\t\t\t\t\t\t\t\t<\/div>\n\t\t\t\t\t<\/div>\n\t\t\t\t<\/div>\n\t\t<div data-aos-once=\"true\" class=\"elementor-element elementor-element-57d32dd e-flex e-con-boxed e-con e-parent\" data-id=\"57d32dd\" data-element_type=\"container\" data-e-type=\"container\" data-settings=\"{&quot;background_background&quot;:&quot;classic&quot;}\">\n\t\t\t\t\t<div class=\"e-con-inner\">\n\t\t<div data-aos-once=\"true\" class=\"elementor-element elementor-element-908760c e-con-full e-flex e-con e-child\" data-id=\"908760c\" data-element_type=\"container\" data-e-type=\"container\" data-settings=\"{&quot;background_background&quot;:&quot;classic&quot;}\">\n\t\t<div data-aos-once=\"true\" class=\"elementor-element elementor-element-37cd1de e-con-full e-flex e-con e-child\" data-id=\"37cd1de\" data-element_type=\"container\" data-e-type=\"container\">\n\t\t<div data-aos-once=\"true\" class=\"elementor-element elementor-element-e189fc8 e-con-full e-flex e-con e-child\" data-id=\"e189fc8\" data-element_type=\"container\" data-e-type=\"container\" data-settings=\"{&quot;background_background&quot;:&quot;classic&quot;}\">\n\t\t\t\t<div data-aos-once=\"true\" class=\"elementor-element elementor-element-830e0fc elementor-widget-mobile__width-inherit elementor-widget elementor-widget-rs-heading\" data-id=\"830e0fc\" data-element_type=\"widget\" data-e-type=\"widget\" data-widget_type=\"rs-heading.default\">\n\t\t\t\t\t\r\n        <div class=\"prelements-heading default   animate-  \">\r\n            <div class=\"title-inner\">\r\n\t\t\t\t<h5 class=\"title  \">IVT Inside<\/h5>            <\/div>\r\n\t\t\t        <\/div>\r\n\t\t\t\t\t\t<\/div>\n\t\t\t\t<div data-aos-once=\"true\" class=\"elementor-element elementor-element-ef51e1c elementor-widget elementor-widget-rs-divider\" data-id=\"ef51e1c\" data-element_type=\"widget\" data-e-type=\"widget\" data-widget_type=\"rs-divider.default\">\n\t\t\t\t\t        <div class=\"rs-divider dot-enable\">\r\n            <span> <\/span>\r\n\t\t\t        <\/div>\r\n\t\t\t\t\t\t<\/div>\n\t\t\t\t<div data-aos-once=\"true\" class=\"elementor-element elementor-element-e1b68f6 elementor-widget elementor-widget-rstb-nav-menu\" data-id=\"e1b68f6\" data-element_type=\"widget\" data-e-type=\"widget\" data-widget_type=\"rstb-nav-menu.default\">\n\t\t\t\t\t        <div class=\"rstb-nav-menu nav-vertical nav-breakpoint-none \">\r\n\t\t\t<ul id=\"menu-useful-link2-spanish\" class=\"primary-menu\"><li id=\"menu-item-20954\" class=\"menu-item menu-item-type-post_type menu-item-object-page menu-item-20954\"><a href=\"https:\/\/www.instituteveintechnology.com\/es\/nosotros\/\" class=\"menu-item-link\"><span class=\"menu-prefix-icon\"><svg xmlns=\"http:\/\/www.w3.org\/2000\/svg\" viewBox=\"0 0 18 14\"><path d=\"M11.5908 13.8593H10.5176C10.3122 10.089 12.6466 8.11151 13.8261 7.53333H0V6.37722H13.8261C10.9952 4.82655 10.2975 1.82452 10.5191 0H11.5819C11.1221 4.49988 15.8553 6.37148 17.8797 6.37722V7.52259C12.0065 8.19889 11.3576 12.4215 11.5908 13.8593Z\"><\/path><\/svg><\/span><span class=\"menu-item-text\">Nosotros<\/span><\/a><\/li>\n<\/ul>\t\t\t        <\/div>\r\n\t\t\t\t\t\t<\/div>\n\t\t\t\t<div data-aos-once=\"true\" class=\"elementor-element elementor-element-b708e52 elementor-widget elementor-widget-rs-image\" data-id=\"b708e52\" data-element_type=\"widget\" data-e-type=\"widget\" data-widget_type=\"rs-image.default\">\n\t\t\t\t\t        <div class=\"rs-image\" >\r\n\t\t\t\t\t\t\t\t                        <img decoding=\"async\" class=\"rs-multi-image  reverse- blend_unset\" src=\"https:\/\/www.instituteveintechnology.com\/wp-content\/uploads\/2026\/03\/admissions-scaled.jpg\"\r\n                             alt=\"admissions\"\/>\r\n\t\t\t\t\t\t        <\/div>\r\n\t\t\t\t\t\t<\/div>\n\t\t\t\t<\/div>\n\t\t\t\t<\/div>\n\t\t\t\t<\/div>\n\t\t<div data-aos-once=\"true\" class=\"elementor-element elementor-element-45ad7f3 e-con-full e-flex e-con e-child\" data-id=\"45ad7f3\" data-element_type=\"container\" data-e-type=\"container\">\n\t\t\t\t<div data-aos-once=\"true\" class=\"elementor-element elementor-element-6daf533 elementor-widget elementor-widget-rs-heading\" data-id=\"6daf533\" data-element_type=\"widget\" data-e-type=\"widget\" data-widget_type=\"rs-heading.default\">\n\t\t\t\t\t\r\n        <div class=\"prelements-heading default   animate-  \">\r\n            <div class=\"title-inner\">\r\n\t\t\t\t<h2 class=\"title  \">Introducci\u00f3n al Campus de IVT<\/h2>            <\/div>\r\n\t\t\t                <div class=\"descripti\">\r\n\t\t\t\t\t<p>En IVT, la educaci\u00f3n va m\u00e1s all\u00e1 de los libros y las aulas. Creemos en empoderar a los estudiantes para que exploren sus pasiones, desaf\u00eden las convenciones y descubran su potencial a trav\u00e9s de experiencias significativas. Nuestros distinguidos miembros del cuerpo docente son l\u00edderes en sus respectivos campos, comprometidos con ofrecer una formaci\u00f3n de clase mundial que integra la teor\u00eda con la pr\u00e1ctica.<\/p>                <\/div>\r\n\t\t\t        <\/div>\r\n\t\t\t\t\t\t<\/div>\n\t\t\t\t<div data-aos-once=\"true\" class=\"elementor-element elementor-element-d576c0a elementor-widget elementor-widget-google_maps\" data-id=\"d576c0a\" data-element_type=\"widget\" data-e-type=\"widget\" data-widget_type=\"google_maps.default\">\n\t\t\t\t\t\t\t<div class=\"elementor-custom-embed\">\n\t\t\t<iframe loading=\"lazy\"\n\t\t\t\t\tsrc=\"https:\/\/maps.google.com\/maps?q=404%20Celebration%20Place%20%2C%20Kissimmee%2C%20FL%2034747%2C%20United%20States&#038;t=m&#038;z=14&#038;output=embed&#038;iwloc=near\"\n\t\t\t\t\ttitle=\"404 Celebration Place , Kissimmee, FL 34747, United States\"\n\t\t\t\t\taria-label=\"404 Celebration Place , Kissimmee, FL 34747, United States\"\n\t\t\t><\/iframe>\n\t\t<\/div>\n\t\t\t\t\t\t<\/div>\n\t\t\t\t<\/div>\n\t\t\t\t\t<\/div>\n\t\t\t\t<\/div>\n\t\t<div data-aos-once=\"true\" class=\"elementor-element elementor-element-eedaaa1 e-con-full e-flex e-con e-child\" data-id=\"eedaaa1\" data-element_type=\"container\" data-e-type=\"container\">\n\t\t\t\t<div data-aos-once=\"true\" class=\"elementor-element elementor-element-a140094 elementor-widget-tablet__width-initial elementor-widget elementor-widget-rs-image\" data-id=\"a140094\" data-element_type=\"widget\" data-e-type=\"widget\" data-widget_type=\"rs-image.default\">\n\t\t\t\t\t        <div class=\"rs-image\" >\r\n\t\t\t\t\t\t\t\t                        <img decoding=\"async\" class=\"rs-multi-image  reverse- blend_unset\" src=\"https:\/\/www.instituteveintechnology.com\/wp-content\/uploads\/2026\/03\/ban_05-scaled-e1772670546734.jpg\"\r\n                             alt=\"ban_05\"\/>\r\n\t\t\t\t\t\t        <\/div>\r\n\t\t\t\t\t\t<\/div>\n\t\t\t\t<div data-aos-once=\"true\" class=\"elementor-element elementor-element-4604daa elementor-widget-tablet__width-initial elementor-widget elementor-widget-rs-image\" data-id=\"4604daa\" data-element_type=\"widget\" data-e-type=\"widget\" data-widget_type=\"rs-image.default\">\n\t\t\t\t\t        <div class=\"rs-image\" >\r\n\t\t\t\t\t\t\t\t                        <img decoding=\"async\" class=\"rs-multi-image  reverse- blend_unset\" src=\"https:\/\/www.instituteveintechnology.com\/wp-content\/uploads\/2026\/03\/ban_06-e1772673373815.jpeg\"\r\n                             alt=\"ban_06\"\/>\r\n\t\t\t\t\t\t        <\/div>\r\n\t\t\t\t\t\t<\/div>\n\t\t\t\t<div data-aos-once=\"true\" class=\"elementor-element elementor-element-95ec39f elementor-widget-tablet__width-initial elementor-widget elementor-widget-rs-image\" data-id=\"95ec39f\" data-element_type=\"widget\" data-e-type=\"widget\" data-widget_type=\"rs-image.default\">\n\t\t\t\t\t        <div class=\"rs-image\" >\r\n\t\t\t\t\t\t\t\t                        <img decoding=\"async\" class=\"rs-multi-image  reverse- blend_unset\" src=\"https:\/\/www.instituteveintechnology.com\/wp-content\/uploads\/2026\/03\/ban_04-scaled-e1772673275363.jpg\"\r\n                             alt=\"ban_04\"\/>\r\n\t\t\t\t\t\t        <\/div>\r\n\t\t\t\t\t\t<\/div>\n\t\t\t\t<div data-aos-once=\"true\" class=\"elementor-element elementor-element-053b966 elementor-widget-tablet__width-initial elementor-widget elementor-widget-rs-image\" data-id=\"053b966\" data-element_type=\"widget\" data-e-type=\"widget\" data-widget_type=\"rs-image.default\">\n\t\t\t\t\t        <div class=\"rs-image\" >\r\n\t\t\t\t\t\t\t\t                        <img decoding=\"async\" class=\"rs-multi-image  reverse- blend_unset\" src=\"https:\/\/www.instituteveintechnology.com\/wp-content\/uploads\/2026\/03\/ban_03-scaled-e1772673171540.jpeg\"\r\n                             alt=\"ban_03\"\/>\r\n\t\t\t\t\t\t        <\/div>\r\n\t\t\t\t\t\t<\/div>\n\t\t\t\t<div data-aos-once=\"true\" class=\"elementor-element elementor-element-1fd2166 elementor-widget-tablet__width-initial elementor-widget elementor-widget-rs-image\" data-id=\"1fd2166\" data-element_type=\"widget\" data-e-type=\"widget\" data-widget_type=\"rs-image.default\">\n\t\t\t\t\t        <div class=\"rs-image\" >\r\n\t\t\t\t\t\t\t\t                        <img decoding=\"async\" class=\"rs-multi-image  reverse- blend_unset\" src=\"https:\/\/www.instituteveintechnology.com\/wp-content\/uploads\/2026\/03\/ban_02-scaled-e1772673513958.jpeg\"\r\n                             alt=\"ban_02\"\/>\r\n\t\t\t\t\t\t        <\/div>\r\n\t\t\t\t\t\t<\/div>\n\t\t\t\t<div data-aos-once=\"true\" class=\"elementor-element elementor-element-9664610 elementor-widget-tablet__width-initial elementor-widget elementor-widget-rs-image\" data-id=\"9664610\" data-element_type=\"widget\" data-e-type=\"widget\" data-widget_type=\"rs-image.default\">\n\t\t\t\t\t        <div class=\"rs-image\" >\r\n\t\t\t\t\t\t\t\t                        <img decoding=\"async\" class=\"rs-multi-image  reverse- blend_unset\" src=\"https:\/\/www.instituteveintechnology.com\/wp-content\/uploads\/2026\/03\/ban_01-scaled-e1772671043438.jpeg\"\r\n                             alt=\"ban_01\"\/>\r\n\t\t\t\t\t\t        <\/div>\r\n\t\t\t\t\t\t<\/div>\n\t\t\t\t<div data-aos-once=\"true\" class=\"elementor-element elementor-element-2f9eff6 elementor-absolute elementor-widget-mobile__width-inherit e-transform elementor-widget elementor-widget-rs-button\" data-id=\"2f9eff6\" data-element_type=\"widget\" data-e-type=\"widget\" data-settings=\"{&quot;_position&quot;:&quot;absolute&quot;,&quot;_transform_translateY_effect&quot;:{&quot;unit&quot;:&quot;%&quot;,&quot;size&quot;:&quot;-50&quot;,&quot;sizes&quot;:[]},&quot;_transform_translateX_effect&quot;:{&quot;unit&quot;:&quot;%&quot;,&quot;size&quot;:&quot;-50&quot;,&quot;sizes&quot;:[]},&quot;_transform_translateX_effect_laptop&quot;:{&quot;unit&quot;:&quot;%&quot;,&quot;size&quot;:&quot;&quot;,&quot;sizes&quot;:[]},&quot;_transform_translateX_effect_tablet_extra&quot;:{&quot;unit&quot;:&quot;%&quot;,&quot;size&quot;:&quot;&quot;,&quot;sizes&quot;:[]},&quot;_transform_translateX_effect_tablet&quot;:{&quot;unit&quot;:&quot;%&quot;,&quot;size&quot;:&quot;&quot;,&quot;sizes&quot;:[]},&quot;_transform_translateX_effect_mobile_extra&quot;:{&quot;unit&quot;:&quot;%&quot;,&quot;size&quot;:&quot;&quot;,&quot;sizes&quot;:[]},&quot;_transform_translateX_effect_mobile&quot;:{&quot;unit&quot;:&quot;%&quot;,&quot;size&quot;:&quot;&quot;,&quot;sizes&quot;:[]},&quot;_transform_translateY_effect_laptop&quot;:{&quot;unit&quot;:&quot;%&quot;,&quot;size&quot;:&quot;&quot;,&quot;sizes&quot;:[]},&quot;_transform_translateY_effect_tablet_extra&quot;:{&quot;unit&quot;:&quot;%&quot;,&quot;size&quot;:&quot;&quot;,&quot;sizes&quot;:[]},&quot;_transform_translateY_effect_tablet&quot;:{&quot;unit&quot;:&quot;%&quot;,&quot;size&quot;:&quot;&quot;,&quot;sizes&quot;:[]},&quot;_transform_translateY_effect_mobile_extra&quot;:{&quot;unit&quot;:&quot;%&quot;,&quot;size&quot;:&quot;&quot;,&quot;sizes&quot;:[]},&quot;_transform_translateY_effect_mobile&quot;:{&quot;unit&quot;:&quot;%&quot;,&quot;size&quot;:&quot;&quot;,&quot;sizes&quot;:[]}}\" data-widget_type=\"rs-button.default\">\n\t\t\t\t\t        <a class=\"rs-button style-default icon-anim-rotate-90 text-anim-flip-top\" href=\"\/campus-life\/\">\r\n\t\t\t                <span class=\"button-icon\">\r\n                    <svg xmlns=\"http:\/\/www.w3.org\/2000\/svg\" viewBox=\"0 0 18 15\"><path d=\"M10.5 7.5C10.5 8.32843 9.82843 9 9 9C8.17157 9 7.5 8.32843 7.5 7.5C7.5 6.67157 8.17157 6 9 6C9.82843 6 10.5 6.67157 10.5 7.5Z\"><\/path><path d=\"M10.5 13.5C10.5 14.3284 9.82843 15 9 15C8.17157 15 7.5 14.3284 7.5 13.5C7.5 12.6716 8.17157 12 9 12C9.82843 12 10.5 12.6716 10.5 13.5Z\"><\/path><path d=\"M3 7.5C3 8.32843 2.32843 9 1.5 9C0.671573 9 0 8.32843 0 7.5C0 6.67157 0.671573 6 1.5 6C2.32843 6 3 6.67157 3 7.5Z\"><\/path><path d=\"M18 7.5C18 8.32843 17.3284 9 16.5 9C15.6716 9 15 8.32843 15 7.5C15 6.67157 15.6716 6 16.5 6C17.3284 6 18 6.67157 18 7.5Z\"><\/path><path d=\"M10.5 1.5C10.5 2.32843 9.82843 3 9 3C8.17157 3 7.5 2.32843 7.5 1.5C7.5 0.671573 8.17157 0 9 0C9.82843 0 10.5 0.671573 10.5 1.5Z\"><\/path><\/svg>                <\/span>\r\n\t\t\t\t\t\t                <span class=\"button-text\" data-text=\"Descubra la experiencia en el campus\">\r\n                    Descubra la experiencia en el campus                <\/span>\r\n\t\t\t        <\/a>\r\n\t\t\t\t\t\t<\/div>\n\t\t\t\t<\/div>\n\t\t\t\t<\/div>\n\t\t","protected":false},"excerpt":{"rendered":"<p>La educaci\u00f3n va m\u00e1s all\u00e1 de los libros y las aulas. Creemos en impulsar a los estudiantes a explorar sus pasiones y desafiar los enfoques tradicionales. IVT Inside Who We Are History Campus Map Introducci\u00f3n al Campus de IVT En IVT, la educaci\u00f3n va m\u00e1s all\u00e1 de los libros y las aulas. Creemos en empoderar [&hellip;]<\/p>\n","protected":false},"author":1,"featured_media":0,"parent":20932,"menu_order":0,"comment_status":"closed","ping_status":"closed","template":"","meta":{"_acf_changed":false,"footnotes":""},"class_list":["post-21037","page","type-page","status-publish","hentry"],"acf":[],"yoast_head":"<!-- This site is optimized with the Yoast SEO plugin v27.5 - https:\/\/yoast.com\/product\/yoast-seo-wordpress\/ -->\n<title>Mapa del Campus - Institute of Vein Technology<\/title>\n<meta name=\"robots\" content=\"index, follow, max-snippet:-1, max-image-preview:large, max-video-preview:-1\" \/>\n<link rel=\"canonical\" href=\"https:\/\/www.instituteveintechnology.com\/es\/nosotros\/mapa-del-campus\/\" \/>\n<meta property=\"og:locale\" content=\"es_ES\" \/>\n<meta property=\"og:type\" content=\"article\" \/>\n<meta property=\"og:title\" content=\"Mapa del Campus - Institute of Vein Technology\" \/>\n<meta property=\"og:description\" content=\"La educaci\u00f3n va m\u00e1s all\u00e1 de los libros y las aulas. Creemos en impulsar a los estudiantes a explorar sus pasiones y desafiar los enfoques tradicionales. IVT Inside Who We Are History Campus Map Introducci\u00f3n al Campus de IVT En IVT, la educaci\u00f3n va m\u00e1s all\u00e1 de los libros y las aulas. Creemos en empoderar [&hellip;]\" \/>\n<meta property=\"og:url\" content=\"https:\/\/www.instituteveintechnology.com\/es\/nosotros\/mapa-del-campus\/\" \/>\n<meta property=\"og:site_name\" content=\"Institute of Vein Technology\" \/>\n<meta property=\"article:modified_time\" content=\"2026-03-20T19:16:03+00:00\" \/>\n<meta property=\"og:image\" content=\"https:\/\/www.instituteveintechnology.com\/wp-content\/uploads\/2026\/03\/admissions-scaled.jpg\" \/>\n<meta name=\"twitter:card\" content=\"summary_large_image\" \/>\n<meta name=\"twitter:label1\" content=\"Tiempo de lectura\" \/>\n\t<meta name=\"twitter:data1\" content=\"1 minuto\" \/>\n<script type=\"application\/ld+json\" class=\"yoast-schema-graph\">{\"@context\":\"https:\\\/\\\/schema.org\",\"@graph\":[{\"@type\":\"WebPage\",\"@id\":\"https:\\\/\\\/www.instituteveintechnology.com\\\/es\\\/nosotros\\\/mapa-del-campus\\\/\",\"url\":\"https:\\\/\\\/www.instituteveintechnology.com\\\/es\\\/nosotros\\\/mapa-del-campus\\\/\",\"name\":\"Mapa del Campus - Institute of Vein Technology\",\"isPartOf\":{\"@id\":\"https:\\\/\\\/www.instituteveintechnology.com\\\/#website\"},\"primaryImageOfPage\":{\"@id\":\"https:\\\/\\\/www.instituteveintechnology.com\\\/es\\\/nosotros\\\/mapa-del-campus\\\/#primaryimage\"},\"image\":{\"@id\":\"https:\\\/\\\/www.instituteveintechnology.com\\\/es\\\/nosotros\\\/mapa-del-campus\\\/#primaryimage\"},\"thumbnailUrl\":\"https:\\\/\\\/www.instituteveintechnology.com\\\/wp-content\\\/uploads\\\/2026\\\/03\\\/admissions-scaled.jpg\",\"datePublished\":\"2025-11-17T12:55:57+00:00\",\"dateModified\":\"2026-03-20T19:16:03+00:00\",\"breadcrumb\":{\"@id\":\"https:\\\/\\\/www.instituteveintechnology.com\\\/es\\\/nosotros\\\/mapa-del-campus\\\/#breadcrumb\"},\"inLanguage\":\"es\",\"potentialAction\":[{\"@type\":\"ReadAction\",\"target\":[\"https:\\\/\\\/www.instituteveintechnology.com\\\/es\\\/nosotros\\\/mapa-del-campus\\\/\"]}]},{\"@type\":\"ImageObject\",\"inLanguage\":\"es\",\"@id\":\"https:\\\/\\\/www.instituteveintechnology.com\\\/es\\\/nosotros\\\/mapa-del-campus\\\/#primaryimage\",\"url\":\"https:\\\/\\\/www.instituteveintechnology.com\\\/wp-content\\\/uploads\\\/2026\\\/03\\\/admissions-scaled.jpg\",\"contentUrl\":\"https:\\\/\\\/www.instituteveintechnology.com\\\/wp-content\\\/uploads\\\/2026\\\/03\\\/admissions-scaled.jpg\"},{\"@type\":\"BreadcrumbList\",\"@id\":\"https:\\\/\\\/www.instituteveintechnology.com\\\/es\\\/nosotros\\\/mapa-del-campus\\\/#breadcrumb\",\"itemListElement\":[{\"@type\":\"ListItem\",\"position\":1,\"name\":\"Home\",\"item\":\"https:\\\/\\\/www.instituteveintechnology.com\\\/es\\\/inicio\\\/\"},{\"@type\":\"ListItem\",\"position\":2,\"name\":\"Nosotros\",\"item\":\"https:\\\/\\\/www.instituteveintechnology.com\\\/es\\\/nosotros\\\/\"},{\"@type\":\"ListItem\",\"position\":3,\"name\":\"Mapa del Campus\"}]},{\"@type\":\"WebSite\",\"@id\":\"https:\\\/\\\/www.instituteveintechnology.com\\\/#website\",\"url\":\"https:\\\/\\\/www.instituteveintechnology.com\\\/\",\"name\":\"Institute of Vein Technology\",\"description\":\"Specialists in Phlebology and Vascular Health\",\"publisher\":{\"@id\":\"https:\\\/\\\/www.instituteveintechnology.com\\\/#organization\"},\"potentialAction\":[{\"@type\":\"SearchAction\",\"target\":{\"@type\":\"EntryPoint\",\"urlTemplate\":\"https:\\\/\\\/www.instituteveintechnology.com\\\/?s={search_term_string}\"},\"query-input\":{\"@type\":\"PropertyValueSpecification\",\"valueRequired\":true,\"valueName\":\"search_term_string\"}}],\"inLanguage\":\"es\"},{\"@type\":\"Organization\",\"@id\":\"https:\\\/\\\/www.instituteveintechnology.com\\\/#organization\",\"name\":\"Institute of Vein Technology\",\"url\":\"https:\\\/\\\/www.instituteveintechnology.com\\\/\",\"logo\":{\"@type\":\"ImageObject\",\"inLanguage\":\"es\",\"@id\":\"https:\\\/\\\/www.instituteveintechnology.com\\\/#\\\/schema\\\/logo\\\/image\\\/\",\"url\":\"https:\\\/\\\/www.instituteveintechnology.com\\\/wp-content\\\/uploads\\\/2025\\\/12\\\/logo_ivt_02.png\",\"contentUrl\":\"https:\\\/\\\/www.instituteveintechnology.com\\\/wp-content\\\/uploads\\\/2025\\\/12\\\/logo_ivt_02.png\",\"width\":523,\"height\":101,\"caption\":\"Institute of Vein Technology\"},\"image\":{\"@id\":\"https:\\\/\\\/www.instituteveintechnology.com\\\/#\\\/schema\\\/logo\\\/image\\\/\"}}]}<\/script>\n<!-- \/ Yoast SEO plugin. -->","yoast_head_json":{"title":"Mapa del Campus - Institute of Vein Technology","robots":{"index":"index","follow":"follow","max-snippet":"max-snippet:-1","max-image-preview":"max-image-preview:large","max-video-preview":"max-video-preview:-1"},"canonical":"https:\/\/www.instituteveintechnology.com\/es\/nosotros\/mapa-del-campus\/","og_locale":"es_ES","og_type":"article","og_title":"Mapa del Campus - Institute of Vein Technology","og_description":"La educaci\u00f3n va m\u00e1s all\u00e1 de los libros y las aulas. Creemos en impulsar a los estudiantes a explorar sus pasiones y desafiar los enfoques tradicionales. IVT Inside Who We Are History Campus Map Introducci\u00f3n al Campus de IVT En IVT, la educaci\u00f3n va m\u00e1s all\u00e1 de los libros y las aulas. Creemos en empoderar [&hellip;]","og_url":"https:\/\/www.instituteveintechnology.com\/es\/nosotros\/mapa-del-campus\/","og_site_name":"Institute of Vein Technology","article_modified_time":"2026-03-20T19:16:03+00:00","og_image":[{"url":"https:\/\/www.instituteveintechnology.com\/wp-content\/uploads\/2026\/03\/admissions-scaled.jpg","type":"","width":"","height":""}],"twitter_card":"summary_large_image","twitter_misc":{"Tiempo de lectura":"1 minuto"},"schema":{"@context":"https:\/\/schema.org","@graph":[{"@type":"WebPage","@id":"https:\/\/www.instituteveintechnology.com\/es\/nosotros\/mapa-del-campus\/","url":"https:\/\/www.instituteveintechnology.com\/es\/nosotros\/mapa-del-campus\/","name":"Mapa del Campus - Institute of Vein Technology","isPartOf":{"@id":"https:\/\/www.instituteveintechnology.com\/#website"},"primaryImageOfPage":{"@id":"https:\/\/www.instituteveintechnology.com\/es\/nosotros\/mapa-del-campus\/#primaryimage"},"image":{"@id":"https:\/\/www.instituteveintechnology.com\/es\/nosotros\/mapa-del-campus\/#primaryimage"},"thumbnailUrl":"https:\/\/www.instituteveintechnology.com\/wp-content\/uploads\/2026\/03\/admissions-scaled.jpg","datePublished":"2025-11-17T12:55:57+00:00","dateModified":"2026-03-20T19:16:03+00:00","breadcrumb":{"@id":"https:\/\/www.instituteveintechnology.com\/es\/nosotros\/mapa-del-campus\/#breadcrumb"},"inLanguage":"es","potentialAction":[{"@type":"ReadAction","target":["https:\/\/www.instituteveintechnology.com\/es\/nosotros\/mapa-del-campus\/"]}]},{"@type":"ImageObject","inLanguage":"es","@id":"https:\/\/www.instituteveintechnology.com\/es\/nosotros\/mapa-del-campus\/#primaryimage","url":"https:\/\/www.instituteveintechnology.com\/wp-content\/uploads\/2026\/03\/admissions-scaled.jpg","contentUrl":"https:\/\/www.instituteveintechnology.com\/wp-content\/uploads\/2026\/03\/admissions-scaled.jpg"},{"@type":"BreadcrumbList","@id":"https:\/\/www.instituteveintechnology.com\/es\/nosotros\/mapa-del-campus\/#breadcrumb","itemListElement":[{"@type":"ListItem","position":1,"name":"Home","item":"https:\/\/www.instituteveintechnology.com\/es\/inicio\/"},{"@type":"ListItem","position":2,"name":"Nosotros","item":"https:\/\/www.instituteveintechnology.com\/es\/nosotros\/"},{"@type":"ListItem","position":3,"name":"Mapa del Campus"}]},{"@type":"WebSite","@id":"https:\/\/www.instituteveintechnology.com\/#website","url":"https:\/\/www.instituteveintechnology.com\/","name":"Institute of Vein Technology","description":"Specialists in Phlebology and Vascular Health","publisher":{"@id":"https:\/\/www.instituteveintechnology.com\/#organization"},"potentialAction":[{"@type":"SearchAction","target":{"@type":"EntryPoint","urlTemplate":"https:\/\/www.instituteveintechnology.com\/?s={search_term_string}"},"query-input":{"@type":"PropertyValueSpecification","valueRequired":true,"valueName":"search_term_string"}}],"inLanguage":"es"},{"@type":"Organization","@id":"https:\/\/www.instituteveintechnology.com\/#organization","name":"Institute of Vein Technology","url":"https:\/\/www.instituteveintechnology.com\/","logo":{"@type":"ImageObject","inLanguage":"es","@id":"https:\/\/www.instituteveintechnology.com\/#\/schema\/logo\/image\/","url":"https:\/\/www.instituteveintechnology.com\/wp-content\/uploads\/2025\/12\/logo_ivt_02.png","contentUrl":"https:\/\/www.instituteveintechnology.com\/wp-content\/uploads\/2025\/12\/logo_ivt_02.png","width":523,"height":101,"caption":"Institute of Vein Technology"},"image":{"@id":"https:\/\/www.instituteveintechnology.com\/#\/schema\/logo\/image\/"}}]}},"_links":{"self":[{"href":"https:\/\/www.instituteveintechnology.com\/es\/wp-json\/wp\/v2\/pages\/21037","targetHints":{"allow":["GET"]}}],"collection":[{"href":"https:\/\/www.instituteveintechnology.com\/es\/wp-json\/wp\/v2\/pages"}],"about":[{"href":"https:\/\/www.instituteveintechnology.com\/es\/wp-json\/wp\/v2\/types\/page"}],"author":[{"embeddable":true,"href":"https:\/\/www.instituteveintechnology.com\/es\/wp-json\/wp\/v2\/users\/1"}],"replies":[{"embeddable":true,"href":"https:\/\/www.instituteveintechnology.com\/es\/wp-json\/wp\/v2\/comments?post=21037"}],"version-history":[{"count":4,"href":"https:\/\/www.instituteveintechnology.com\/es\/wp-json\/wp\/v2\/pages\/21037\/revisions"}],"predecessor-version":[{"id":21056,"href":"https:\/\/www.instituteveintechnology.com\/es\/wp-json\/wp\/v2\/pages\/21037\/revisions\/21056"}],"up":[{"embeddable":true,"href":"https:\/\/www.instituteveintechnology.com\/es\/wp-json\/wp\/v2\/pages\/20932"}],"wp:attachment":[{"href":"https:\/\/www.instituteveintechnology.com\/es\/wp-json\/wp\/v2\/media?parent=21037"}],"curies":[{"name":"wp","href":"https:\/\/api.w.org\/{rel}","templated":true}]}}